{"id":142,"date":"2024-11-15T01:43:56","date_gmt":"2024-11-15T01:43:56","guid":{"rendered":"https:\/\/agrolegend.com\/?page_id=142"},"modified":"2024-11-15T01:45:53","modified_gmt":"2024-11-15T01:45:53","slug":"142-2","status":"publish","type":"page","link":"https:\/\/agrolegend.com\/?page_id=142","title":{"rendered":"Conditions d&#8217;utilisation"},"content":{"rendered":"<p>[et_pb_section fb_built=&#8221;1&#8243; theme_builder_area=&#8221;post_content&#8221; _builder_version=&#8221;4.27.3&#8243; _module_preset=&#8221;default&#8221;][et_pb_row _builder_version=&#8221;4.27.3&#8243; _module_preset=&#8221;default&#8221; theme_builder_area=&#8221;post_content&#8221;][et_pb_column _builder_version=&#8221;4.27.3&#8243; _module_preset=&#8221;default&#8221; type=&#8221;4_4&#8243; theme_builder_area=&#8221;post_content&#8221;][et_pb_blurb title=&#8221;Conditions d&#8217;utilisations&#8221; _builder_version=&#8221;4.27.3&#8243; _module_preset=&#8221;default&#8221; theme_builder_area=&#8221;post_content&#8221; use_icon=&#8221;on&#8221; hover_enabled=&#8221;0&#8243; sticky_enabled=&#8221;0&#8243;]<\/p>\n<p><strong>Conditions d&#8217;Utilisation du Site Web<\/strong><\/p>\n<p>CE SITE WEB EST PROPRI\u00c9T\u00c9 D&#8217;AGROACTIVE ET DE SES AFFILI\u00c9S (COLLECTIVEMENT, &#8220;AGROACTIVE&#8221;, &#8220;NOUS&#8221; OU &#8220;NOTRE&#8221;). L&#8217;UTILISATION DE CE SITE WEB (&#8220;ce Site&#8221;) EST R\u00c9GIE PAR LES CONDITIONS CI-DESSOUS (&#8220;Conditions d&#8217;Utilisation&#8221;). EN UTILISANT CE SITE, VOUS ACCEPTEZ DE RESPECTER CES CONDITIONS D&#8217;UTILISATION. SI VOUS N&#8217;ACCEPTEZ PAS L&#8217;UNE DE CES CONDITIONS, VEUILLEZ NE PAS UTILISER CE SITE.<\/p>\n<p>NOUS NOUS R\u00c9SERVONS LE DROIT DE MODIFIER, D&#8217;AJOUTER OU DE SUPPRIMER TOUTE CONDITION \u00c0 TOUT MOMENT. VOUS DEVEZ V\u00c9RIFIER CETTE PAGE \u00c0 CHAQUE VISITE. VOTRE UTILISATION DE CE SITE EST \u00c9GALEMENT SOUMISE \u00c0 NOTRE POLITIQUE DE CONFIDENTIALIT\u00c9 EN LIGNE QUI EST INCORPOR\u00c9E PAR RENVOI.<\/p>\n<p><strong>PROPRI\u00c9T\u00c9 INTELLECTUELLE<\/strong><\/p>\n<p>Nous poss\u00e9dons, licenci\u00e9 ou utilisons avec permission toutes les marques d\u00e9pos\u00e9es et non d\u00e9pos\u00e9es, logos, ic\u00f4nes, logiciels, informations, images, graphiques, \u0153uvres d&#8217;art, clips audio et vid\u00e9o, musique, texte, donn\u00e9es, publications, pr\u00e9sentations et autres contenus sur ce site (collectivement, le &#8220;Contenu&#8221;). Votre utilisation non autoris\u00e9e du Contenu peut violer les lois sur le droit d&#8217;auteur, les marques, la vie priv\u00e9e ou d&#8217;autres lois nationales et\/ou internationales, et peut enfreindre les droits d&#8217;Agroactive ou de tiers. Une telle utilisation non autoris\u00e9e peut entra\u00eener votre responsabilit\u00e9 personnelle, y compris une responsabilit\u00e9 p\u00e9nale potentielle.<\/p>\n<p><strong>UTILISATIONS AUTORIS\u00c9ES ET INTERDITES<\/strong><\/p>\n<p>Vous avez le droit limit\u00e9, non exclusif, non transf\u00e9rable et r\u00e9vocable d&#8217;acc\u00e9der et d&#8217;utiliser ce site, et de t\u00e9l\u00e9charger du Contenu sur votre propre ordinateur pour un usage personnel et non commercial, \u00e0 condition de ne pas modifier les avis de droit d&#8217;auteur, de marque ou d&#8217;autres avis de propri\u00e9t\u00e9 intellectuelle qui peuvent accompagner le Contenu. Sauf pour le Contenu que vous avez publi\u00e9 sur ce site, ou \u00e0 moins que cela ne soit express\u00e9ment autoris\u00e9 par nous, vous ne pouvez pas alt\u00e9rer, archiver, copier, reproduire, distribuer, publier, transmettre, modifier, adapter, traduire, afficher, vendre, licencier, pr\u00e9parer des \u0153uvres d\u00e9riv\u00e9es bas\u00e9es sur, ou autrement utiliser ou exploiter le Contenu. Vous ne pouvez pas utiliser de robots, de technologies de data-mining ou toute autre technique destin\u00e9e \u00e0 extraire des donn\u00e9es ou des informations de ce site.<\/p>\n<p><strong>CONTENU TIERS<\/strong><\/p>\n<p>Ce site peut contenir du contenu et des mat\u00e9riaux appartenant \u00e0 des tiers. Ce site peut \u00e9galement inclure des opportunit\u00e9s pour les utilisateurs de participer \u00e0 des groupes de discussion, des blogs ou d&#8217;autres fonctionnalit\u00e9s interactives o\u00f9 les utilisateurs et d&#8217;autres tiers peuvent fournir ou publier du Contenu. L&#8217;utilisation des noms ou des marques de tiers et toute r\u00e9f\u00e9rence \u00e0 leurs produits ou services sur ce site ne constitue pas une approbation de notre part de ces parties ou de leurs produits ou services. De plus, nous ne garantissons pas l&#8217;exactitude ou la fiabilit\u00e9 de tout Contenu sur ce site fourni par des tiers. Votre soumission ou publication de tout Contenu est \u00e9galement soumise \u00e0 toute politique ou directive distincte que nous pourrions publier.<\/p>\n<p><strong>LIENS VERS DES SITES TIERS<\/strong><\/p>\n<p>Ce site peut contenir des liens vers ou depuis des sites tiers. Les liens vers d&#8217;autres sites sont fournis uniquement \u00e0 titre de commodit\u00e9. Nous n&#8217;avons pas examin\u00e9 tous les sites li\u00e9s \u00e0 ce site, et nous ne sommes pas responsables du contenu de ces sites. Toutes les activit\u00e9s que vous engagez en lien avec un site li\u00e9 sont soumises \u00e0 la politique de confidentialit\u00e9 et aux conditions d&#8217;utilisation impos\u00e9es par l&#8217;op\u00e9rateur du site li\u00e9, et nous d\u00e9clinons toute responsabilit\u00e9 \u00e0 cet \u00e9gard.<\/p>\n<p><strong>VIOLATION DES DROITS D&#8217;AUTEUR<\/strong><\/p>\n<p>Ce site et les serveurs qui le rendent disponible peuvent \u00eatre situ\u00e9s en dehors de votre pays d&#8217;origine. Nous ne garantissons pas que le Contenu sur ce site est appropri\u00e9 ou disponible pour une utilisation dans des lieux en dehors de la France. Si vous acc\u00e9dez ou utilisez ce site depuis des lieux en dehors de la France, vous le faites de votre propre initiative et vous \u00eates responsable du respect des lois applicables. L&#8217;acc\u00e8s \u00e0 ce site et au Contenu depuis des territoires<\/p>\n<p>o\u00f9 un tel acc\u00e8s ou Contenu est ill\u00e9gal est interdit. Ces Conditions d&#8217;Utilisation seront r\u00e9gies et interpr\u00e9t\u00e9es conform\u00e9ment aux lois de la France, sans tenir compte des principes de conflit de lois. Tout litige, cause d&#8217;action ou proc\u00e9dure d\u00e9coulant de ou li\u00e9 \u00e0 ces Conditions d&#8217;Utilisation, au site ou \u00e0 tout Contenu sera r\u00e9solu par arbitrage obligatoire et contraignant conform\u00e9ment aux r\u00e8gles d&#8217;arbitrage de la Chambre de Commerce Internationale (CCI), sans recours \u00e0 une action collective. L&#8217;arbitrage sera men\u00e9 \u00e0 Paris, France.<\/p>\n<p><strong>INDEMNISATION<\/strong><\/p>\n<p>Vous acceptez d&#8217;indemniser, de d\u00e9fendre et de d\u00e9gager de toute responsabilit\u00e9 Agroactive et ses dirigeants, employ\u00e9s, membres, agents, partenaires commerciaux, conc\u00e9dants et licenci\u00e9s de toute r\u00e9clamation, action, demande, poursuite, dommages, responsabilit\u00e9s, co\u00fbts et d\u00e9penses (y compris les honoraires d&#8217;avocat raisonnables) d\u00e9coulant de ou li\u00e9s \u00e0 votre utilisation de ce site, y compris tout Contenu que vous fournissez au site, ou \u00e0 votre violation de ces Conditions d&#8217;Utilisation.<\/p>\n<p><strong>R\u00c9SOLUTION DES LITIGES ; LOI APPLICABLE ET FORUM<\/strong><\/p>\n<p>En ce qui concerne tous les litiges d\u00e9coulant de ou en relation avec ce site ou ces Conditions d&#8217;Utilisation (y compris, sans limitation, la Politique de Confidentialit\u00e9), Agroactive et vous convenez de n\u00e9gocier de bonne foi et de faire des efforts raisonnables pour coop\u00e9rer afin d&#8217;atteindre une r\u00e9solution mutuellement satisfaisante.<\/p>\n<p>Agroactive n&#8217;a aucune obligation de s&#8217;impliquer dans un litige entre un utilisateur et une autre personne. Ce site, ces Conditions d&#8217;Utilisation et tout litige y aff\u00e9rent seront exclusivement r\u00e9gis par et interpr\u00e9t\u00e9s conform\u00e9ment aux lois de la France, sans tenir compte de ses principes de conflit de lois. Agroactive et vous convenez que tous les litiges d\u00e9coulant de cet accord seront r\u00e9gl\u00e9s exclusivement par arbitrage confidentiel et contraignant \u00e0 Paris, ou dans un autre forum convenu mutuellement, conform\u00e9ment aux r\u00e8gles d&#8217;arbitrage de la Chambre de Commerce Internationale (CCI) par un arbitre unique nomm\u00e9 d&#8217;un commun accord entre vous et Agroactive. La d\u00e9cision de l&#8217;arbitre sera contraignante et pourra \u00eatre inscrite comme un jugement dans un tribunal comp\u00e9tent. Vous convenez qu&#8217;Agroactive a le droit d&#8217;obtenir un recours injonctif pr\u00e9liminaire dans la mesure permise par la loi pour faire respecter les termes de ces Conditions d&#8217;Utilisation en attendant une d\u00e9cision arbitrale finale.<\/p>\n<p><strong>DIVISIBILIT\u00c9<\/strong><\/p>\n<p>Si une disposition de ces Conditions d&#8217;Utilisation est jug\u00e9e ill\u00e9gale, nulle ou inapplicable pour une raison quelconque, cette disposition sera consid\u00e9r\u00e9e comme dissociable du reste des Conditions d&#8217;Utilisation et n&#8217;affectera pas la validit\u00e9 ou l&#8217;applicabilit\u00e9 des autres dispositions.<\/p>\n<p><strong>COMMENT NOUS CONTACTER :<\/strong><\/p>\n<p>Pour toute question ou pr\u00e9occupation concernant ces Conditions d&#8217;Utilisation, veuillez nous contacter \u00e0 l&#8217;adresse e-mail suivante : <a rel=\"noopener\" target=\"_blank\" href=\"mailto:agroactive@gmail.com\" class=\"wZ4JdaHxSAhGy1HoNVja cPy9QU4brI7VQXFNPEvF eKLpdg0GHJZw2hhyErM0\">agroactive@gmail.com<\/a>.<\/p>\n<p>Adresse postale :<br \/>6 rue de l&#8217;\u00c9lys\u00e9e,<br \/>75019 Paris,<br \/>France.<\/p>\n<p><strong>Date d&#8217;entr\u00e9e en vigueur :<\/strong> 1er novembre 2024<\/p>\n<p>[\/et_pb_blurb][\/et_pb_column][\/et_pb_row][\/et_pb_section]<\/p>\n<span class=\"et_bloom_bottom_trigger\"><\/span>","protected":false},"excerpt":{"rendered":"<p>Conditions d&#8217;Utilisation du Site Web CE SITE WEB EST PROPRI\u00c9T\u00c9 D&#8217;AGROACTIVE ET DE SES AFFILI\u00c9S (COLLECTIVEMENT, &#8220;AGROACTIVE&#8221;, &#8220;NOUS&#8221; OU &#8220;NOTRE&#8221;). L&#8217;UTILISATION DE CE SITE WEB (&#8220;ce Site&#8221;) EST R\u00c9GIE PAR LES CONDITIONS CI-DESSOUS (&#8220;Conditions d&#8217;Utilisation&#8221;). EN UTILISANT CE SITE, VOUS ACCEPTEZ DE RESPECTER CES CONDITIONS D&#8217;UTILISATION. SI VOUS N&#8217;ACCEPTEZ PAS L&#8217;UNE DE CES CONDITIONS, VEUILLEZ [&hellip;]<\/p>\n","protected":false},"author":1,"featured_media":0,"parent":0,"menu_order":0,"comment_status":"closed","ping_status":"closed","template":"","meta":{"_et_pb_use_builder":"on","_et_pb_old_content":"","_et_gb_content_width":"","iawp_total_views":17,"footnotes":""},"class_list":["post-142","page","type-page","status-publish","hentry"],"yoast_head":"<!-- This site is optimized with the Yoast SEO plugin v25.0 - https:\/\/yoast.com\/wordpress\/plugins\/seo\/ -->\n<title>Conditions d&#039;utilisation - AGRO<\/title>\n<meta name=\"robots\" content=\"index, follow, max-snippet:-1, max-image-preview:large, max-video-preview:-1\" \/>\n<link rel=\"canonical\" href=\"https:\/\/agrolegend.com\/?page_id=142\" \/>\n<meta property=\"og:locale\" content=\"en_US\" \/>\n<meta property=\"og:type\" content=\"article\" \/>\n<meta property=\"og:title\" content=\"Conditions d&#039;utilisation - AGRO\" \/>\n<meta property=\"og:description\" content=\"Conditions d&#039;Utilisation du Site Web CE SITE WEB EST PROPRI\u00c9T\u00c9 D&#039;AGROACTIVE ET DE SES AFFILI\u00c9S (COLLECTIVEMENT, &quot;AGROACTIVE&quot;, &quot;NOUS&quot; OU &quot;NOTRE&quot;). L&#039;UTILISATION DE CE SITE WEB (&quot;ce Site&quot;) EST R\u00c9GIE PAR LES CONDITIONS CI-DESSOUS (&quot;Conditions d&#039;Utilisation&quot;). EN UTILISANT CE SITE, VOUS ACCEPTEZ DE RESPECTER CES CONDITIONS D&#039;UTILISATION. SI VOUS N&#039;ACCEPTEZ PAS L&#039;UNE DE CES CONDITIONS, VEUILLEZ [&hellip;]\" \/>\n<meta property=\"og:url\" content=\"https:\/\/agrolegend.com\/?page_id=142\" \/>\n<meta property=\"og:site_name\" content=\"AGRO\" \/>\n<meta property=\"article:modified_time\" content=\"2024-11-15T01:45:53+00:00\" \/>\n<meta name=\"twitter:card\" content=\"summary_large_image\" \/>\n<meta name=\"twitter:label1\" content=\"Est. reading time\" \/>\n\t<meta name=\"twitter:data1\" content=\"6 minutes\" \/>\n<script type=\"application\/ld+json\" class=\"yoast-schema-graph\">{\"@context\":\"https:\/\/schema.org\",\"@graph\":[{\"@type\":\"WebPage\",\"@id\":\"https:\/\/agrolegend.com\/?page_id=142\",\"url\":\"https:\/\/agrolegend.com\/?page_id=142\",\"name\":\"Conditions d'utilisation - AGRO\",\"isPartOf\":{\"@id\":\"https:\/\/agrolegend.com\/#website\"},\"datePublished\":\"2024-11-15T01:43:56+00:00\",\"dateModified\":\"2024-11-15T01:45:53+00:00\",\"breadcrumb\":{\"@id\":\"https:\/\/agrolegend.com\/?page_id=142#breadcrumb\"},\"inLanguage\":\"en-US\",\"potentialAction\":[{\"@type\":\"ReadAction\",\"target\":[\"https:\/\/agrolegend.com\/?page_id=142\"]}]},{\"@type\":\"BreadcrumbList\",\"@id\":\"https:\/\/agrolegend.com\/?page_id=142#breadcrumb\",\"itemListElement\":[{\"@type\":\"ListItem\",\"position\":1,\"name\":\"Home\",\"item\":\"https:\/\/agrolegend.com\/\"},{\"@type\":\"ListItem\",\"position\":2,\"name\":\"Conditions d&#8217;utilisation\"}]},{\"@type\":\"WebSite\",\"@id\":\"https:\/\/agrolegend.com\/#website\",\"url\":\"https:\/\/agrolegend.com\/\",\"name\":\"AGRO\",\"description\":\"\",\"potentialAction\":[{\"@type\":\"SearchAction\",\"target\":{\"@type\":\"EntryPoint\",\"urlTemplate\":\"https:\/\/agrolegend.com\/?s={search_term_string}\"},\"query-input\":{\"@type\":\"PropertyValueSpecification\",\"valueRequired\":true,\"valueName\":\"search_term_string\"}}],\"inLanguage\":\"en-US\"}]}<\/script>\n<!-- \/ Yoast SEO plugin. -->","yoast_head_json":{"title":"Conditions d'utilisation - AGRO","robots":{"index":"index","follow":"follow","max-snippet":"max-snippet:-1","max-image-preview":"max-image-preview:large","max-video-preview":"max-video-preview:-1"},"canonical":"https:\/\/agrolegend.com\/?page_id=142","og_locale":"en_US","og_type":"article","og_title":"Conditions d'utilisation - AGRO","og_description":"Conditions d'Utilisation du Site Web CE SITE WEB EST PROPRI\u00c9T\u00c9 D'AGROACTIVE ET DE SES AFFILI\u00c9S (COLLECTIVEMENT, \"AGROACTIVE\", \"NOUS\" OU \"NOTRE\"). L'UTILISATION DE CE SITE WEB (\"ce Site\") EST R\u00c9GIE PAR LES CONDITIONS CI-DESSOUS (\"Conditions d'Utilisation\"). EN UTILISANT CE SITE, VOUS ACCEPTEZ DE RESPECTER CES CONDITIONS D'UTILISATION. SI VOUS N'ACCEPTEZ PAS L'UNE DE CES CONDITIONS, VEUILLEZ [&hellip;]","og_url":"https:\/\/agrolegend.com\/?page_id=142","og_site_name":"AGRO","article_modified_time":"2024-11-15T01:45:53+00:00","twitter_card":"summary_large_image","twitter_misc":{"Est. reading time":"6 minutes"},"schema":{"@context":"https:\/\/schema.org","@graph":[{"@type":"WebPage","@id":"https:\/\/agrolegend.com\/?page_id=142","url":"https:\/\/agrolegend.com\/?page_id=142","name":"Conditions d'utilisation - AGRO","isPartOf":{"@id":"https:\/\/agrolegend.com\/#website"},"datePublished":"2024-11-15T01:43:56+00:00","dateModified":"2024-11-15T01:45:53+00:00","breadcrumb":{"@id":"https:\/\/agrolegend.com\/?page_id=142#breadcrumb"},"inLanguage":"en-US","potentialAction":[{"@type":"ReadAction","target":["https:\/\/agrolegend.com\/?page_id=142"]}]},{"@type":"BreadcrumbList","@id":"https:\/\/agrolegend.com\/?page_id=142#breadcrumb","itemListElement":[{"@type":"ListItem","position":1,"name":"Home","item":"https:\/\/agrolegend.com\/"},{"@type":"ListItem","position":2,"name":"Conditions d&#8217;utilisation"}]},{"@type":"WebSite","@id":"https:\/\/agrolegend.com\/#website","url":"https:\/\/agrolegend.com\/","name":"AGRO","description":"","potentialAction":[{"@type":"SearchAction","target":{"@type":"EntryPoint","urlTemplate":"https:\/\/agrolegend.com\/?s={search_term_string}"},"query-input":{"@type":"PropertyValueSpecification","valueRequired":true,"valueName":"search_term_string"}}],"inLanguage":"en-US"}]}},"brizy_media":[],"_links":{"self":[{"href":"https:\/\/agrolegend.com\/index.php?rest_route=\/wp\/v2\/pages\/142","targetHints":{"allow":["GET"]}}],"collection":[{"href":"https:\/\/agrolegend.com\/index.php?rest_route=\/wp\/v2\/pages"}],"about":[{"href":"https:\/\/agrolegend.com\/index.php?rest_route=\/wp\/v2\/types\/page"}],"author":[{"embeddable":true,"href":"https:\/\/agrolegend.com\/index.php?rest_route=\/wp\/v2\/users\/1"}],"replies":[{"embeddable":true,"href":"https:\/\/agrolegend.com\/index.php?rest_route=%2Fwp%2Fv2%2Fcomments&post=142"}],"version-history":[{"count":4,"href":"https:\/\/agrolegend.com\/index.php?rest_route=\/wp\/v2\/pages\/142\/revisions"}],"predecessor-version":[{"id":148,"href":"https:\/\/agrolegend.com\/index.php?rest_route=\/wp\/v2\/pages\/142\/revisions\/148"}],"wp:attachment":[{"href":"https:\/\/agrolegend.com\/index.php?rest_route=%2Fwp%2Fv2%2Fmedia&parent=142"}],"curies":[{"name":"wp","href":"https:\/\/api.w.org\/{rel}","templated":true}]}}