{"id":3,"date":"2024-11-13T00:29:49","date_gmt":"2024-11-13T00:29:49","guid":{"rendered":"https:\/\/agrolegend.com\/?page_id=3"},"modified":"2024-11-15T01:48:50","modified_gmt":"2024-11-15T01:48:50","slug":"privacy-policy","status":"publish","type":"page","link":"https:\/\/agrolegend.com\/?page_id=3","title":{"rendered":"Politique RGPD"},"content":{"rendered":"<p>[et_pb_section fb_built=&#8221;1&#8243; _builder_version=&#8221;4.16&#8243; global_colors_info=&#8221;{}&#8221;][et_pb_row _builder_version=&#8221;4.16&#8243; background_size=&#8221;initial&#8221; background_position=&#8221;top_left&#8221; background_repeat=&#8221;repeat&#8221; global_colors_info=&#8221;{}&#8221;][et_pb_column type=&#8221;4_4&#8243; _builder_version=&#8221;4.16&#8243; custom_padding=&#8221;|||&#8221; global_colors_info=&#8221;{}&#8221; custom_padding__hover=&#8221;|||&#8221;][et_pb_text _builder_version=&#8221;4.16&#8243; background_size=&#8221;initial&#8221; background_position=&#8221;top_left&#8221; background_repeat=&#8221;repeat&#8221; global_colors_info=&#8221;{}&#8221;]<\/p>\n<p><strong><br \/>Date d&#8217;entr\u00e9e en vigueur :<\/strong> 10 octobre 2023<\/p>\n<p><strong>1. Introduction<\/strong><\/p>\n<p>La pr\u00e9sente Politique de Confidentialit\u00e9 a pour but de vous informer sur les informations que nous, AgroActive (le &#8220;Site&#8221;), collectons, utilisons, partageons et prot\u00e9geons. En utilisant ce Site, vous acceptez cette Politique de Confidentialit\u00e9. <br \/>Si vous n&#8217;acceptez pas cette Politique de Confidentialit\u00e9, veuillez ne pas utiliser ce Site.<\/p>\n<p><strong>2. Informations que nous collectons<\/strong><\/p>\n<p><strong>Informations non personnelles<\/strong><\/p>\n<p>Pour des am\u00e9liorations techniques : Chaque fois qu&#8217;un visiteur utilise ce Site, le serveur de l&#8217;h\u00e9bergeur collecte automatiquement des informations techniques de base, telles que l&#8217;adresse IP du visiteur, le type de navigateur et le syst\u00e8me d&#8217;exploitation, le domaine de r\u00e9f\u00e9rence, les donn\u00e9es de navigation (par exemple, les pages vues et le temps pass\u00e9), et les heures d&#8217;acc\u00e8s. Ces informations, qui ne permettent pas de vous contacter directement, sont appel\u00e9es Informations Non Personnelles. Nous utilisons ces informations pour comprendre et analyser les tendances, administrer le site, apprendre sur le comportement des utilisateurs et recueillir des informations d\u00e9mographiques sur nos utilisateurs dans leur ensemble.<\/p>\n<p>Pour des am\u00e9liorations utilisateur et membre : Nous recevons \u00e9galement des informations sur vous lorsque vous interagissez avec certaines fonctionnalit\u00e9s de notre Site. Par exemple, lorsque vous participez \u00e0 des \u00e9v\u00e9nements ou des sondages, nous savons quand vous cliquez sur des annonces, t\u00e9l\u00e9chargez des rapports, ou partagez des articles. Nous pouvons \u00e9galement collecter des Informations Non Personnelles fournies volontairement par vous, telles que le nom de votre entreprise, votre profession et votre langue, afin de mieux vous servir.<\/p>\n<p><strong>Informations personnelles<\/strong><\/p>\n<p>Informations d\u00e9mographiques : Nous pouvons collecter des Informations Personnelles que vous fournissez volontairement, telles que votre pr\u00e9nom, nom, adresse postale, adresse e-mail, num\u00e9ro de t\u00e9l\u00e9phone, date de naissance, et autres informations pertinentes en lien avec votre utilisation de ce Site et d&#8217;autres applications AgroActive.<\/p>\n<p>Interaction volontaire des utilisateurs et membres : Certaines fonctionnalit\u00e9s de notre Site vous permettent de communiquer et de vous connecter avec d&#8217;autres utilisateurs. Toute Information Personnelle que vous choisissez de fournir dans ces espaces communautaires peut \u00eatre lue, collect\u00e9e ou utilis\u00e9e par d&#8217;autres utilisateurs et tiers.<\/p>\n<p><strong>3. O\u00f9 nous stockons les informations que nous collectons<\/strong><\/p>\n<p>Veuillez noter que les serveurs qui rendent ce Site et d&#8217;autres applications disponibles peuvent \u00eatre situ\u00e9s en dehors de l&#8217;Europe. Cependant, lorsque vous visitez ce Site, toute information que vous fournissez sera transf\u00e9r\u00e9e et stock\u00e9e sur nos serveurs en Europe. En visitant ce Site, vous consentez \u00e0 la collecte, au traitement, au transfert et au stockage de ces donn\u00e9es en Europe.<\/p>\n<p><strong>4. Comment nous utilisons et partageons les informations que nous collectons<\/strong><\/p>\n<p>Pour fournir des services aux utilisateurs et membres : AgroActive se r\u00e9serve le droit d&#8217;utiliser \u00e0 la fois des Informations Personnelles et Non Personnelles, individuellement ou combin\u00e9es, pour : faciliter l&#8217;utilisation de ce Site et des fonctionnalit\u00e9s ; communiquer avec vous, r\u00e9pondre \u00e0 vos demandes et traiter vos requ\u00eates ; am\u00e9liorer nos efforts marketing et promotionnels, le contenu du site, l&#8217;exp\u00e9rience utilisateur, et nos produits et services.<\/p>\n<p>Pour promouvoir des services : Nous utilisons des technologies pour identifier des membres et utilisateurs potentiels et commercialiser les produits et services d&#8217;AgroActive. Nous pouvons \u00e9galement partager vos Informations Personnelles avec des tiers s\u00e9lectionn\u00e9s pour des fins de marketing.<\/p>\n<p><strong>5. S\u00e9curit\u00e9 des informations<\/strong><\/p>\n<p>Nous utilisons des mesures de s\u00e9curit\u00e9 : Nous nous effor\u00e7ons d&#8217;employer des mesures de s\u00e9curit\u00e9 raisonnables pour prot\u00e9ger les Informations Personnelles contre la perte, l&#8217;alt\u00e9ration et la divulgation non autoris\u00e9e. Les informations de carte de cr\u00e9dit sont crypt\u00e9es lors de leur transmission \u00e0 notre site.<\/p>\n<p><strong>6. Exactitude, conservation et acc\u00e8s aux informations<\/strong><\/p>\n<p>Conservation des informations : Nous conserverons vos Informations Personnelles pendant la p\u00e9riode n\u00e9cessaire pour remplir les objectifs d\u00e9crits dans cette Politique de Confidentialit\u00e9, sauf si une p\u00e9riode de conservation plus longue est requise ou permise par la loi.<\/p>\n<p>Demandes d&#8217;acc\u00e8s aux Informations Personnelles : Vous avez le droit de demander l&#8217;acc\u00e8s aux Informations Personnelles que nous conservons \u00e0 votre sujet, de mettre \u00e0 jour et de corriger les inexactitudes, et de demander la suppression de vos Informations Personnelles, le cas \u00e9ch\u00e9ant. Les demandes peuvent \u00eatre faites comme suit :<\/p>\n<ul>\n<li>Pour mettre \u00e0 jour votre profil, veuillez visiter notre page de gestion de compte.<\/li>\n<li>Pour demander la suppression de vos informations, veuillez nous contacter \u00e0 <a rel=\"noopener\" target=\"_blank\" href=\"mailto:agroactive@gmail.com\" class=\"wZ4JdaHxSAhGy1HoNVja cPy9QU4brI7VQXFNPEvF eKLpdg0GHJZw2hhyErM0\">agroactive@gmail.com<\/a>.\n<p><strong>7. Cookies et autres technologies<\/strong><\/p>\n<p>Nous utilisons des cookies pour am\u00e9liorer nos services : Certaines pages de ce Site utilisent des &#8220;cookies&#8221;, qui sont des identifiants que le Site place sur le disque dur de votre ordinateur pour faciliter l&#8217;interaction entre votre ordinateur et le Site. Diff\u00e9rents types de cookies, tels que les cookies de session, persistants ou flash, peuvent \u00eatre utilis\u00e9s pour diff\u00e9rentes fonctions. AgroActive et nos fournisseurs de services tiers (y compris les fournisseurs de services d&#8217;analyse et de publicit\u00e9) peuvent placer des cookies sur votre disque dur ou utiliser d&#8217;autres technologies, telles que des balises et des GIF transparents, parfois appel\u00e9s balises web, sur les pages web et les e-mails pour faciliter la navigation sur le site, personnaliser votre exp\u00e9rience, m\u00e9moriser vos informations lorsque vous utilisez notre site et nos services, vous proposer des produits et services pertinents, diffuser des annonces pour AgroActive et des produits et services tiers, et suivre les utilisateurs sur d&#8217;autres sites web. Les informations collect\u00e9es par le biais de cookies et d&#8217;autres technologies peuvent inclure votre adresse IP, votre activit\u00e9 de navigation (par exemple, les pages vues), les r\u00e9f\u00e9rences de moteurs de recherche et les r\u00e9ponses aux publicit\u00e9s et promotions sur ce site et sur les sites o\u00f9 nous faisons de la publicit\u00e9.<\/p>\n<p>Vous pouvez supprimer ou bloquer les cookies d&#8217;AgroActive : La plupart des navigateurs web vous permettent de d\u00e9finir des pr\u00e9f\u00e9rences concernant les cookies que vous souhaitez accepter. Consultez les param\u00e8tres de votre propre navigateur et suivez les instructions pour contr\u00f4ler les cookies sur votre appareil. Si vous d\u00e9sactivez ou refusez les cookies, veuillez noter que certaines parties de ce site peuvent alors \u00eatre inaccessibles ou ne pas fonctionner correctement.<\/p>\n<p><strong>8. Publicit\u00e9 comportementale en ligne<\/strong><\/p>\n<p>Nos annonceurs peuvent d\u00e9ployer des technologies de suivi publicitaire : Comme expliqu\u00e9 ci-dessus, nos fournisseurs de services tiers peuvent utiliser des cookies, des balises et d&#8217;autres technologies pour collecter et utiliser des informations sur vos visites \u00e0 notre site et \u00e0 d&#8217;autres sites pour diffuser des annonces susceptibles de vous int\u00e9resser, y compris des annonces pour nos produits ou services. Les informations partag\u00e9es ne comprennent pas vos coordonn\u00e9es personnelles.<\/p>\n<p>Vous pouvez contr\u00f4ler la diffusion des annonces : Vous pouvez \u00e9galement g\u00e9rer vos choix concernant la r\u00e9ception d&#8217;annonces de tiers participants et en savoir plus sur les cookies publicitaires en visitant le site du Network Advertising Initiative (NAI). Veuillez noter, cependant, que tous les fournisseurs de services ne participent pas au NAI. De plus, si vous vous d\u00e9sinscrivez, vous pouvez toujours recevoir des publicit\u00e9s en ligne de notre part, mais les annonces que vous recevrez peuvent \u00eatre moins pertinentes pour vous.<\/p>\n<p><strong>9. Changements \u00e0 la Politique de Confidentialit\u00e9<\/strong><\/p>\n<p>Nous nous r\u00e9servons le droit de modifier cette Politique de Confidentialit\u00e9 \u00e0 tout moment sans pr\u00e9avis ; cependant, nous ne modifierons pas r\u00e9troactivement la mani\u00e8re dont nous partageons vos Informations Personnelles, comme d\u00e9fini dans cette politique, sans votre consentement. Veuillez consulter p\u00e9riodiquement cette Politique de Confidentialit\u00e9 pour tout changement que nous pourrions apporter, car votre utilisation continue de ce site apr\u00e8s la publication de tout changement signifie que vous acceptez ces changements.<\/p>\n<p><strong>10. Droits \u00e0 la vie priv\u00e9e en Californie<\/strong><\/p>\n<p>Les r\u00e9sidents en Europe qui fournissent des Informations Personnelles ont le droit de demander et d&#8217;obtenir de notre part, une fois par an, des informations sur les informations client que nous avons partag\u00e9es, le cas \u00e9ch\u00e9ant, avec des tiers non affili\u00e9s \u00e0 des fins de marketing direct, y compris les cat\u00e9gories d&#8217;informations et les noms et adresses des tiers avec lesquels nous avons partag\u00e9 les informations \u00e0 des fins de marketing.<\/p>\n<p>Pour obtenir des informations sur ce partage ou pour vous d\u00e9sinscrire de futurs partages, veuillez nous contacter par e-mail \u00e0 : agroactive@gmail.com ou par courrier postal \u00e0 : 6 rue de l&#8217;\u00e9lyss\u00e9 paris 19 arrondissement. <br \/>Vous devez fournir une adresse actuelle pour notre r\u00e9ponse. L&#8217;objet de l&#8217;e-mail ou de l&#8217;enveloppe postale et le contenu de votre demande doivent inclure la phrase &#8220;Vos droits \u00e0 la vie priv\u00e9e en Europe&#8221; et inclure votre nom, adresse e-mail (si vous souhaitez recevoir une r\u00e9ponse par e-mail) ou adresse postale, ville, \u00e9tat, code postal (si vous souhaitez recevoir une r\u00e9ponse par courrier postal). Les demandes par t\u00e9l\u00e9phone ou par fax ne seront pas accept\u00e9es. Votre demande sera trait\u00e9e dans les trente (30) jours suivant la date \u00e0 laquelle nous la recevons.<\/p>\n<p><strong>11. Comment nous contacter :<\/strong><\/p>\n<p>AgroActive<br \/><a href=\"mailto:Agroactive@gmail.com\">Agroactive@gmail.com<\/a><br \/>Pour les demandes sp\u00e9cifiques li\u00e9es au RGPD, veuillez envoyer un e-mail \u00e0 : Agroactive@gmail.com pour le RGPD].<\/p>\n<\/li>\n<\/ul>\n<p>[\/et_pb_text][\/et_pb_column][\/et_pb_row][\/et_pb_section]<\/p>\n<span class=\"et_bloom_bottom_trigger\"><\/span>","protected":false},"excerpt":{"rendered":"<p>Date d&#8217;entr\u00e9e en vigueur : 10 octobre 2023 1. Introduction La pr\u00e9sente Politique de Confidentialit\u00e9 a pour but de vous informer sur les informations que nous, AgroActive (le &#8220;Site&#8221;), collectons, utilisons, partageons et prot\u00e9geons. En utilisant ce Site, vous acceptez cette Politique de Confidentialit\u00e9. Si vous n&#8217;acceptez pas cette Politique de Confidentialit\u00e9, veuillez ne pas [&hellip;]<\/p>\n","protected":false},"author":1,"featured_media":0,"parent":0,"menu_order":0,"comment_status":"closed","ping_status":"closed","template":"","meta":{"_et_pb_use_builder":"on","_et_pb_old_content":"<!-- wp:heading -->\n<h2 class=\"wp-block-heading\">Who we are<\/h2>\n<!-- \/wp:heading -->\n<!-- wp:paragraph -->\n<p><strong class=\"privacy-policy-tutorial\">Suggested text: <\/strong>Our website address is: https:\/\/agrolegend.com.<\/p>\n<!-- \/wp:paragraph -->\n<!-- wp:heading -->\n<h2 class=\"wp-block-heading\">Comments<\/h2>\n<!-- \/wp:heading -->\n<!-- wp:paragraph -->\n<p><strong class=\"privacy-policy-tutorial\">Suggested text: <\/strong>When visitors leave comments on the site we collect the data shown in the comments form, and also the visitor&#8217;s IP address and browser user agent string to help spam detection.<\/p>\n<!-- \/wp:paragraph -->\n<!-- wp:paragraph -->\n<p>An anonymized string created from your email address (also called a hash) may be provided to the Gravatar service to see if you are using it. The Gravatar service privacy policy is available here: https:\/\/automattic.com\/privacy\/. After approval of your comment, your profile picture is visible to the public in the context of your comment.<\/p>\n<!-- \/wp:paragraph -->\n<!-- wp:heading -->\n<h2 class=\"wp-block-heading\">Media<\/h2>\n<!-- \/wp:heading -->\n<!-- wp:paragraph -->\n<p><strong class=\"privacy-policy-tutorial\">Suggested text: <\/strong>If you upload images to the website, you should avoid uploading images with embedded location data (EXIF GPS) included. Visitors to the website can download and extract any location data from images on the website.<\/p>\n<!-- \/wp:paragraph -->\n<!-- wp:heading -->\n<h2 class=\"wp-block-heading\">Cookies<\/h2>\n<!-- \/wp:heading -->\n<!-- wp:paragraph -->\n<p><strong class=\"privacy-policy-tutorial\">Suggested text: <\/strong>If you leave a comment on our site you may opt-in to saving your name, email address and website in cookies. These are for your convenience so that you do not have to fill in your details again when you leave another comment. These cookies will last for one year.<\/p>\n<!-- \/wp:paragraph -->\n<!-- wp:paragraph -->\n<p>If you visit our login page, we will set a temporary cookie to determine if your browser accepts cookies. This cookie contains no personal data and is discarded when you close your browser.<\/p>\n<!-- \/wp:paragraph -->\n<!-- wp:paragraph -->\n<p>When you log in, we will also set up several cookies to save your login information and your screen display choices. Login cookies last for two days, and screen options cookies last for a year. If you select &quot;Remember Me&quot;, your login will persist for two weeks. If you log out of your account, the login cookies will be removed.<\/p>\n<!-- \/wp:paragraph -->\n<!-- wp:paragraph -->\n<p>If you edit or publish an article, an additional cookie will be saved in your browser. This cookie includes no personal data and simply indicates the post ID of the article you just edited. It expires after 1 day.<\/p>\n<!-- \/wp:paragraph -->\n<!-- wp:heading -->\n<h2 class=\"wp-block-heading\">Embedded content from other websites<\/h2>\n<!-- \/wp:heading -->\n<!-- wp:paragraph -->\n<p><strong class=\"privacy-policy-tutorial\">Suggested text: <\/strong>Articles on this site may include embedded content (e.g. videos, images, articles, etc.). Embedded content from other websites behaves in the exact same way as if the visitor has visited the other website.<\/p>\n<!-- \/wp:paragraph -->\n<!-- wp:paragraph -->\n<p>These websites may collect data about you, use cookies, embed additional third-party tracking, and monitor your interaction with that embedded content, including tracking your interaction with the embedded content if you have an account and are logged in to that website.<\/p>\n<!-- \/wp:paragraph -->\n<!-- wp:heading -->\n<h2 class=\"wp-block-heading\">Who we share your data with<\/h2>\n<!-- \/wp:heading -->\n<!-- wp:paragraph -->\n<p><strong class=\"privacy-policy-tutorial\">Suggested text: <\/strong>If you request a password reset, your IP address will be included in the reset email.<\/p>\n<!-- \/wp:paragraph -->\n<!-- wp:heading -->\n<h2 class=\"wp-block-heading\">How long we retain your data<\/h2>\n<!-- \/wp:heading -->\n<!-- wp:paragraph -->\n<p><strong class=\"privacy-policy-tutorial\">Suggested text: <\/strong>If you leave a comment, the comment and its metadata are retained indefinitely. This is so we can recognize and approve any follow-up comments automatically instead of holding them in a moderation queue.<\/p>\n<!-- \/wp:paragraph -->\n<!-- wp:paragraph -->\n<p>For users that register on our website (if any), we also store the personal information they provide in their user profile. All users can see, edit, or delete their personal information at any time (except they cannot change their username). Website administrators can also see and edit that information.<\/p>\n<!-- \/wp:paragraph -->\n<!-- wp:heading -->\n<h2 class=\"wp-block-heading\">What rights you have over your data<\/h2>\n<!-- \/wp:heading -->\n<!-- wp:paragraph -->\n<p><strong class=\"privacy-policy-tutorial\">Suggested text: <\/strong>If you have an account on this site, or have left comments, you can request to receive an exported file of the personal data we hold about you, including any data you have provided to us. You can also request that we erase any personal data we hold about you. This does not include any data we are obliged to keep for administrative, legal, or security purposes.<\/p>\n<!-- \/wp:paragraph -->\n<!-- wp:heading -->\n<h2 class=\"wp-block-heading\">Where your data is sent<\/h2>\n<!-- \/wp:heading -->\n<!-- wp:paragraph -->\n<p><strong class=\"privacy-policy-tutorial\">Suggested text: <\/strong>Visitor comments may be checked through an automated spam detection service.<\/p>\n<!-- \/wp:paragraph -->\n","_et_gb_content_width":"","iawp_total_views":16,"footnotes":""},"class_list":["post-3","page","type-page","status-publish","hentry"],"yoast_head":"<!-- This site is optimized with the Yoast SEO plugin v25.0 - https:\/\/yoast.com\/wordpress\/plugins\/seo\/ -->\n<title>Politique RGPD - AGRO<\/title>\n<meta name=\"robots\" content=\"index, follow, max-snippet:-1, max-image-preview:large, max-video-preview:-1\" \/>\n<link rel=\"canonical\" href=\"https:\/\/agrolegend.com\/?page_id=3\" \/>\n<meta property=\"og:locale\" content=\"en_US\" \/>\n<meta property=\"og:type\" content=\"article\" \/>\n<meta property=\"og:title\" content=\"Politique RGPD - AGRO\" \/>\n<meta property=\"og:description\" content=\"Date d&#039;entr\u00e9e en vigueur : 10 octobre 2023 1. Introduction La pr\u00e9sente Politique de Confidentialit\u00e9 a pour but de vous informer sur les informations que nous, AgroActive (le &quot;Site&quot;), collectons, utilisons, partageons et prot\u00e9geons. En utilisant ce Site, vous acceptez cette Politique de Confidentialit\u00e9. Si vous n&#039;acceptez pas cette Politique de Confidentialit\u00e9, veuillez ne pas [&hellip;]\" \/>\n<meta property=\"og:url\" content=\"https:\/\/agrolegend.com\/?page_id=3\" \/>\n<meta property=\"og:site_name\" content=\"AGRO\" \/>\n<meta property=\"article:modified_time\" content=\"2024-11-15T01:48:50+00:00\" \/>\n<meta name=\"twitter:card\" content=\"summary_large_image\" \/>\n<meta name=\"twitter:label1\" content=\"Est. reading time\" \/>\n\t<meta name=\"twitter:data1\" content=\"8 minutes\" \/>\n<script type=\"application\/ld+json\" class=\"yoast-schema-graph\">{\"@context\":\"https:\/\/schema.org\",\"@graph\":[{\"@type\":\"WebPage\",\"@id\":\"https:\/\/agrolegend.com\/?page_id=3\",\"url\":\"https:\/\/agrolegend.com\/?page_id=3\",\"name\":\"Politique RGPD - AGRO\",\"isPartOf\":{\"@id\":\"https:\/\/agrolegend.com\/#website\"},\"datePublished\":\"2024-11-13T00:29:49+00:00\",\"dateModified\":\"2024-11-15T01:48:50+00:00\",\"breadcrumb\":{\"@id\":\"https:\/\/agrolegend.com\/?page_id=3#breadcrumb\"},\"inLanguage\":\"en-US\",\"potentialAction\":[{\"@type\":\"ReadAction\",\"target\":[\"https:\/\/agrolegend.com\/?page_id=3\"]}]},{\"@type\":\"BreadcrumbList\",\"@id\":\"https:\/\/agrolegend.com\/?page_id=3#breadcrumb\",\"itemListElement\":[{\"@type\":\"ListItem\",\"position\":1,\"name\":\"Home\",\"item\":\"https:\/\/agrolegend.com\/\"},{\"@type\":\"ListItem\",\"position\":2,\"name\":\"Politique RGPD\"}]},{\"@type\":\"WebSite\",\"@id\":\"https:\/\/agrolegend.com\/#website\",\"url\":\"https:\/\/agrolegend.com\/\",\"name\":\"AGRO\",\"description\":\"\",\"potentialAction\":[{\"@type\":\"SearchAction\",\"target\":{\"@type\":\"EntryPoint\",\"urlTemplate\":\"https:\/\/agrolegend.com\/?s={search_term_string}\"},\"query-input\":{\"@type\":\"PropertyValueSpecification\",\"valueRequired\":true,\"valueName\":\"search_term_string\"}}],\"inLanguage\":\"en-US\"}]}<\/script>\n<!-- \/ Yoast SEO plugin. -->","yoast_head_json":{"title":"Politique RGPD - AGRO","robots":{"index":"index","follow":"follow","max-snippet":"max-snippet:-1","max-image-preview":"max-image-preview:large","max-video-preview":"max-video-preview:-1"},"canonical":"https:\/\/agrolegend.com\/?page_id=3","og_locale":"en_US","og_type":"article","og_title":"Politique RGPD - AGRO","og_description":"Date d'entr\u00e9e en vigueur : 10 octobre 2023 1. Introduction La pr\u00e9sente Politique de Confidentialit\u00e9 a pour but de vous informer sur les informations que nous, AgroActive (le \"Site\"), collectons, utilisons, partageons et prot\u00e9geons. En utilisant ce Site, vous acceptez cette Politique de Confidentialit\u00e9. Si vous n'acceptez pas cette Politique de Confidentialit\u00e9, veuillez ne pas [&hellip;]","og_url":"https:\/\/agrolegend.com\/?page_id=3","og_site_name":"AGRO","article_modified_time":"2024-11-15T01:48:50+00:00","twitter_card":"summary_large_image","twitter_misc":{"Est. reading time":"8 minutes"},"schema":{"@context":"https:\/\/schema.org","@graph":[{"@type":"WebPage","@id":"https:\/\/agrolegend.com\/?page_id=3","url":"https:\/\/agrolegend.com\/?page_id=3","name":"Politique RGPD - AGRO","isPartOf":{"@id":"https:\/\/agrolegend.com\/#website"},"datePublished":"2024-11-13T00:29:49+00:00","dateModified":"2024-11-15T01:48:50+00:00","breadcrumb":{"@id":"https:\/\/agrolegend.com\/?page_id=3#breadcrumb"},"inLanguage":"en-US","potentialAction":[{"@type":"ReadAction","target":["https:\/\/agrolegend.com\/?page_id=3"]}]},{"@type":"BreadcrumbList","@id":"https:\/\/agrolegend.com\/?page_id=3#breadcrumb","itemListElement":[{"@type":"ListItem","position":1,"name":"Home","item":"https:\/\/agrolegend.com\/"},{"@type":"ListItem","position":2,"name":"Politique RGPD"}]},{"@type":"WebSite","@id":"https:\/\/agrolegend.com\/#website","url":"https:\/\/agrolegend.com\/","name":"AGRO","description":"","potentialAction":[{"@type":"SearchAction","target":{"@type":"EntryPoint","urlTemplate":"https:\/\/agrolegend.com\/?s={search_term_string}"},"query-input":{"@type":"PropertyValueSpecification","valueRequired":true,"valueName":"search_term_string"}}],"inLanguage":"en-US"}]}},"brizy_media":[],"_links":{"self":[{"href":"https:\/\/agrolegend.com\/index.php?rest_route=\/wp\/v2\/pages\/3","targetHints":{"allow":["GET"]}}],"collection":[{"href":"https:\/\/agrolegend.com\/index.php?rest_route=\/wp\/v2\/pages"}],"about":[{"href":"https:\/\/agrolegend.com\/index.php?rest_route=\/wp\/v2\/types\/page"}],"author":[{"embeddable":true,"href":"https:\/\/agrolegend.com\/index.php?rest_route=\/wp\/v2\/users\/1"}],"replies":[{"embeddable":true,"href":"https:\/\/agrolegend.com\/index.php?rest_route=%2Fwp%2Fv2%2Fcomments&post=3"}],"version-history":[{"count":5,"href":"https:\/\/agrolegend.com\/index.php?rest_route=\/wp\/v2\/pages\/3\/revisions"}],"predecessor-version":[{"id":152,"href":"https:\/\/agrolegend.com\/index.php?rest_route=\/wp\/v2\/pages\/3\/revisions\/152"}],"wp:attachment":[{"href":"https:\/\/agrolegend.com\/index.php?rest_route=%2Fwp%2Fv2%2Fmedia&parent=3"}],"curies":[{"name":"wp","href":"https:\/\/api.w.org\/{rel}","templated":true}]}}