{"id":46,"date":"2024-11-13T14:32:56","date_gmt":"2024-11-13T14:32:56","guid":{"rendered":"https:\/\/agrolegend.com\/?page_id=46"},"modified":"2024-11-15T01:47:24","modified_gmt":"2024-11-15T01:47:24","slug":"cgv","status":"publish","type":"page","link":"https:\/\/agrolegend.com\/?page_id=46","title":{"rendered":"Politique d&#8217;adh\u00e9sion et Annulation"},"content":{"rendered":"<p>[et_pb_section fb_built=&#8221;1&#8243; _builder_version=&#8221;4.27.3&#8243; _module_preset=&#8221;default&#8221; global_colors_info=&#8221;{}&#8221;][et_pb_row _builder_version=&#8221;4.27.3&#8243; _module_preset=&#8221;default&#8221; global_colors_info=&#8221;{}&#8221;][et_pb_column type=&#8221;4_4&#8243; _builder_version=&#8221;4.27.3&#8243; _module_preset=&#8221;default&#8221; global_colors_info=&#8221;{}&#8221;][et_pb_blurb title=&#8221;Politique de Remboursement et d&#8217;Annulation d&#8217;Adh\u00e9sion d&#8217;Agroactive&#8221; _builder_version=&#8221;4.27.3&#8243; _module_preset=&#8221;default&#8221; hover_enabled=&#8221;0&#8243; global_colors_info=&#8221;{}&#8221; sticky_enabled=&#8221;0&#8243;]<\/p>\n<p>Agroactive se r\u00e9serve le droit de refuser ou d&#8217;annuler une adh\u00e9sion.<\/p>\n<p><strong>Annulation d&#8217;Adh\u00e9sion par le Participant<\/strong><\/p>\n<ul>\n<li>Les demandes d&#8217;annulation d&#8217;adh\u00e9sion re\u00e7ues dans les 14 jours suivant l&#8217;inscription peuvent \u00eatre \u00e9ligibles \u00e0 un remboursement complet, moins des frais de service de 50 \u20ac.<\/li>\n<li>Les annulations re\u00e7ues apr\u00e8s ce d\u00e9lai ne seront pas \u00e9ligibles \u00e0 un remboursement.<\/li>\n<li>Les annulations seront accept\u00e9es par t\u00e9l\u00e9phone, fax ou e-mail, et doivent \u00eatre re\u00e7ues avant la date limite d&#8217;annulation.<\/li>\n<li>Tous les avantages et incitations re\u00e7us par le participant doivent \u00eatre annul\u00e9s ou retourn\u00e9s \u00e0 Agroactive.<\/li>\n<li>Toutes les demandes de remboursement doivent \u00eatre faites par le participant ou le titulaire de la carte de cr\u00e9dit.<\/li>\n<li>Les demandes de remboursement doivent inclure le nom du participant et\/ou le num\u00e9ro de transaction.<\/li>\n<li>Les remboursements seront cr\u00e9dit\u00e9s sur la carte de cr\u00e9dit d&#8217;origine utilis\u00e9e pour le paiement.<\/li>\n<\/ul>\n<p>Ces politiques s&#8217;appliquent \u00e0 toutes les adh\u00e9sions d&#8217;Agroactive, sauf indication contraire dans les documents du programme correspondant. Veuillez lire attentivement toutes les informations relatives aux programmes individuels.<\/p>\n<p><strong>Annulation d&#8217;\u00c9v\u00e9nement par le Sponsor<\/strong><\/p>\n<p>Agroactive se r\u00e9serve le droit d&#8217;annuler un \u00e9v\u00e9nement en raison d&#8217;un faible nombre d&#8217;inscriptions ou d&#8217;autres circonstances rendant l&#8217;\u00e9v\u00e9nement non viable. Si Agroactive annule un \u00e9v\u00e9nement, les participants se verront offrir un remboursement complet.<\/p>\n<p>Si des circonstances entra\u00eenent le report d&#8217;un \u00e9v\u00e9nement, Agroactive a le droit d&#8217;\u00e9mettre un remboursement complet ou de transf\u00e9rer l&#8217;inscription \u00e0 la m\u00eame \u00e9v\u00e9nement \u00e0 la nouvelle date future.<\/p>\n<p><strong>Annulation d&#8217;Inscription par le Participant<\/strong><\/p>\n<ul>\n<li>Sauf indication contraire dans les documents d&#8217;inscription, la date limite pour recevoir un remboursement pour votre inscription est de 30 jours ouvrables avant l&#8217;\u00e9v\u00e9nement.<\/li>\n<li>Les annulations d&#8217;inscription re\u00e7ues avant la date limite peuvent \u00eatre \u00e9ligibles \u00e0 un remboursement, moins des frais de service de 75 \u20ac.<\/li>\n<li>Les annulations re\u00e7ues apr\u00e8s la date limite ne seront pas \u00e9ligibles \u00e0 un remboursement.<\/li>\n<li>Les remboursements ne seront pas disponibles pour les participants qui choisissent de ne pas assister \u00e0 un \u00e9v\u00e9nement.<\/li>\n<li>Les annulations seront accept\u00e9es uniquement par \u00e9crit et doivent \u00eatre re\u00e7ues avant la date limite d&#8217;annulation.<\/li>\n<li>Toutes les demandes de remboursement doivent \u00eatre faites par le participant ou le titulaire de la carte de cr\u00e9dit.<\/li>\n<li>Les demandes de remboursement doivent inclure le nom du participant et\/ou le num\u00e9ro de transaction.<\/li>\n<li>Les remboursements seront cr\u00e9dit\u00e9s sur la carte de cr\u00e9dit d&#8217;origine utilis\u00e9e pour le paiement.<\/li>\n<\/ul>\n<p>Ces politiques s&#8217;appliquent \u00e0 tous les \u00e9v\u00e9nements d&#8217;Agroactive, sauf indication contraire dans les documents de l&#8217;\u00e9v\u00e9nement correspondant. Veuillez lire attentivement toutes les informations relatives aux \u00e9v\u00e9nements individuels.<\/p>\n<p><strong>Politique de Remboursement\/Retour des Produits Agroactive<\/strong><\/p>\n<p>Tous les retours de biens et de mat\u00e9riaux achet\u00e9s directement aupr\u00e8s d&#8217;Agroactive n\u00e9cessitent une autorisation pr\u00e9alable. Les frais d&#8217;exp\u00e9dition et de manutention ne sont pas remboursables ; les retours doivent \u00eatre autoris\u00e9s par Agroactive dans les 30 jours suivant la date de la facture. Dans les trente (30) jours suivant l&#8217;achat, nous remplacerons, substituerons ou r\u00e9parerons, \u00e0 notre seule discr\u00e9tion, tout produit Agroactive jug\u00e9 d\u00e9fectueux.<\/p>\n<p>Les produits fournis ou vendus par les partenaires et programmes d&#8217;affinit\u00e9 d&#8217;Agroactive sont soumis \u00e0 la politique de retour du partenaire.<\/p>\n<p>Les produits qui sont des logiciels ou t\u00e9l\u00e9chargeables depuis un site web d&#8217;Agroactive ou des m\u00e9dias fournis (CD ROM, cl\u00e9s USB, etc.) ne sont pas remboursables.<\/p>\n<p>Pour toute question, veuillez nous contacter \u00e0 l&#8217;adresse e-mail suivante : <a rel=\"noopener\" target=\"_blank\" href=\"mailto:agroactive@gmail.com\" class=\"wZ4JdaHxSAhGy1HoNVja cPy9QU4brI7VQXFNPEvF eKLpdg0GHJZw2hhyErM0\">agroactive@gmail.com<\/a>.<\/p>\n<p>[\/et_pb_blurb][\/et_pb_column][\/et_pb_row][\/et_pb_section]<\/p>\n<span class=\"et_bloom_bottom_trigger\"><\/span>","protected":false},"excerpt":{"rendered":"<p>Agroactive se r\u00e9serve le droit de refuser ou d&#8217;annuler une adh\u00e9sion. Annulation d&#8217;Adh\u00e9sion par le Participant Les demandes d&#8217;annulation d&#8217;adh\u00e9sion re\u00e7ues dans les 14 jours suivant l&#8217;inscription peuvent \u00eatre \u00e9ligibles \u00e0 un remboursement complet, moins des frais de service de 50 \u20ac. Les annulations re\u00e7ues apr\u00e8s ce d\u00e9lai ne seront pas \u00e9ligibles \u00e0 un remboursement. [&hellip;]<\/p>\n","protected":false},"author":1,"featured_media":0,"parent":0,"menu_order":0,"comment_status":"closed","ping_status":"closed","template":"","meta":{"_et_pb_use_builder":"on","_et_pb_old_content":"","_et_gb_content_width":"","iawp_total_views":19,"footnotes":""},"class_list":["post-46","page","type-page","status-publish","hentry"],"yoast_head":"<!-- This site is optimized with the Yoast SEO plugin v25.0 - https:\/\/yoast.com\/wordpress\/plugins\/seo\/ -->\n<title>Politique d&#039;adh\u00e9sion et Annulation - AGRO<\/title>\n<meta name=\"robots\" content=\"index, follow, max-snippet:-1, max-image-preview:large, max-video-preview:-1\" \/>\n<link rel=\"canonical\" href=\"https:\/\/agrolegend.com\/?page_id=46\" \/>\n<meta property=\"og:locale\" content=\"en_US\" \/>\n<meta property=\"og:type\" content=\"article\" \/>\n<meta property=\"og:title\" content=\"Politique d&#039;adh\u00e9sion et Annulation - AGRO\" \/>\n<meta property=\"og:description\" content=\"Agroactive se r\u00e9serve le droit de refuser ou d&#039;annuler une adh\u00e9sion. Annulation d&#039;Adh\u00e9sion par le Participant Les demandes d&#039;annulation d&#039;adh\u00e9sion re\u00e7ues dans les 14 jours suivant l&#039;inscription peuvent \u00eatre \u00e9ligibles \u00e0 un remboursement complet, moins des frais de service de 50 \u20ac. Les annulations re\u00e7ues apr\u00e8s ce d\u00e9lai ne seront pas \u00e9ligibles \u00e0 un remboursement. [&hellip;]\" \/>\n<meta property=\"og:url\" content=\"https:\/\/agrolegend.com\/?page_id=46\" \/>\n<meta property=\"og:site_name\" content=\"AGRO\" \/>\n<meta property=\"article:modified_time\" content=\"2024-11-15T01:47:24+00:00\" \/>\n<meta name=\"twitter:card\" content=\"summary_large_image\" \/>\n<meta name=\"twitter:label1\" content=\"Est. reading time\" \/>\n\t<meta name=\"twitter:data1\" content=\"3 minutes\" \/>\n<script type=\"application\/ld+json\" class=\"yoast-schema-graph\">{\"@context\":\"https:\/\/schema.org\",\"@graph\":[{\"@type\":\"WebPage\",\"@id\":\"https:\/\/agrolegend.com\/?page_id=46\",\"url\":\"https:\/\/agrolegend.com\/?page_id=46\",\"name\":\"Politique d'adh\u00e9sion et Annulation - AGRO\",\"isPartOf\":{\"@id\":\"https:\/\/agrolegend.com\/#website\"},\"datePublished\":\"2024-11-13T14:32:56+00:00\",\"dateModified\":\"2024-11-15T01:47:24+00:00\",\"breadcrumb\":{\"@id\":\"https:\/\/agrolegend.com\/?page_id=46#breadcrumb\"},\"inLanguage\":\"en-US\",\"potentialAction\":[{\"@type\":\"ReadAction\",\"target\":[\"https:\/\/agrolegend.com\/?page_id=46\"]}]},{\"@type\":\"BreadcrumbList\",\"@id\":\"https:\/\/agrolegend.com\/?page_id=46#breadcrumb\",\"itemListElement\":[{\"@type\":\"ListItem\",\"position\":1,\"name\":\"Home\",\"item\":\"https:\/\/agrolegend.com\/\"},{\"@type\":\"ListItem\",\"position\":2,\"name\":\"Politique d&#8217;adh\u00e9sion et Annulation\"}]},{\"@type\":\"WebSite\",\"@id\":\"https:\/\/agrolegend.com\/#website\",\"url\":\"https:\/\/agrolegend.com\/\",\"name\":\"AGRO\",\"description\":\"\",\"potentialAction\":[{\"@type\":\"SearchAction\",\"target\":{\"@type\":\"EntryPoint\",\"urlTemplate\":\"https:\/\/agrolegend.com\/?s={search_term_string}\"},\"query-input\":{\"@type\":\"PropertyValueSpecification\",\"valueRequired\":true,\"valueName\":\"search_term_string\"}}],\"inLanguage\":\"en-US\"}]}<\/script>\n<!-- \/ Yoast SEO plugin. -->","yoast_head_json":{"title":"Politique d'adh\u00e9sion et Annulation - AGRO","robots":{"index":"index","follow":"follow","max-snippet":"max-snippet:-1","max-image-preview":"max-image-preview:large","max-video-preview":"max-video-preview:-1"},"canonical":"https:\/\/agrolegend.com\/?page_id=46","og_locale":"en_US","og_type":"article","og_title":"Politique d'adh\u00e9sion et Annulation - AGRO","og_description":"Agroactive se r\u00e9serve le droit de refuser ou d'annuler une adh\u00e9sion. Annulation d'Adh\u00e9sion par le Participant Les demandes d'annulation d'adh\u00e9sion re\u00e7ues dans les 14 jours suivant l'inscription peuvent \u00eatre \u00e9ligibles \u00e0 un remboursement complet, moins des frais de service de 50 \u20ac. Les annulations re\u00e7ues apr\u00e8s ce d\u00e9lai ne seront pas \u00e9ligibles \u00e0 un remboursement. [&hellip;]","og_url":"https:\/\/agrolegend.com\/?page_id=46","og_site_name":"AGRO","article_modified_time":"2024-11-15T01:47:24+00:00","twitter_card":"summary_large_image","twitter_misc":{"Est. reading time":"3 minutes"},"schema":{"@context":"https:\/\/schema.org","@graph":[{"@type":"WebPage","@id":"https:\/\/agrolegend.com\/?page_id=46","url":"https:\/\/agrolegend.com\/?page_id=46","name":"Politique d'adh\u00e9sion et Annulation - AGRO","isPartOf":{"@id":"https:\/\/agrolegend.com\/#website"},"datePublished":"2024-11-13T14:32:56+00:00","dateModified":"2024-11-15T01:47:24+00:00","breadcrumb":{"@id":"https:\/\/agrolegend.com\/?page_id=46#breadcrumb"},"inLanguage":"en-US","potentialAction":[{"@type":"ReadAction","target":["https:\/\/agrolegend.com\/?page_id=46"]}]},{"@type":"BreadcrumbList","@id":"https:\/\/agrolegend.com\/?page_id=46#breadcrumb","itemListElement":[{"@type":"ListItem","position":1,"name":"Home","item":"https:\/\/agrolegend.com\/"},{"@type":"ListItem","position":2,"name":"Politique d&#8217;adh\u00e9sion et Annulation"}]},{"@type":"WebSite","@id":"https:\/\/agrolegend.com\/#website","url":"https:\/\/agrolegend.com\/","name":"AGRO","description":"","potentialAction":[{"@type":"SearchAction","target":{"@type":"EntryPoint","urlTemplate":"https:\/\/agrolegend.com\/?s={search_term_string}"},"query-input":{"@type":"PropertyValueSpecification","valueRequired":true,"valueName":"search_term_string"}}],"inLanguage":"en-US"}]}},"brizy_media":[],"_links":{"self":[{"href":"https:\/\/agrolegend.com\/index.php?rest_route=\/wp\/v2\/pages\/46","targetHints":{"allow":["GET"]}}],"collection":[{"href":"https:\/\/agrolegend.com\/index.php?rest_route=\/wp\/v2\/pages"}],"about":[{"href":"https:\/\/agrolegend.com\/index.php?rest_route=\/wp\/v2\/types\/page"}],"author":[{"embeddable":true,"href":"https:\/\/agrolegend.com\/index.php?rest_route=\/wp\/v2\/users\/1"}],"replies":[{"embeddable":true,"href":"https:\/\/agrolegend.com\/index.php?rest_route=%2Fwp%2Fv2%2Fcomments&post=46"}],"version-history":[{"count":5,"href":"https:\/\/agrolegend.com\/index.php?rest_route=\/wp\/v2\/pages\/46\/revisions"}],"predecessor-version":[{"id":150,"href":"https:\/\/agrolegend.com\/index.php?rest_route=\/wp\/v2\/pages\/46\/revisions\/150"}],"wp:attachment":[{"href":"https:\/\/agrolegend.com\/index.php?rest_route=%2Fwp%2Fv2%2Fmedia&parent=46"}],"curies":[{"name":"wp","href":"https:\/\/api.w.org\/{rel}","templated":true}]}}